{"id":19,"date":"2025-12-27T12:44:21","date_gmt":"2025-12-27T12:44:21","guid":{"rendered":"https:\/\/felicia.ee\/hinnakiri\/"},"modified":"2026-01-13T16:30:13","modified_gmt":"2026-01-13T16:30:13","slug":"hinnakiri","status":"publish","type":"page","link":"https:\/\/felicia.ee\/fi\/hinnakiri\/","title":{"rendered":"Hinnasto"},"content":{"rendered":"<div data-elementor-type=\"wp-page\" data-elementor-id=\"19\" class=\"elementor elementor-19\">\n\t\t\t\t<div class=\"elementor-element elementor-element-21e2d07 e-flex e-con-boxed e-con e-parent\" data-id=\"21e2d07\" data-element_type=\"container\" data-e-type=\"container\">\n\t\t\t\t\t<div class=\"e-con-inner\">\n\t\t\t\t<div class=\"elementor-element elementor-element-785e950 elementor-widget elementor-widget-n-accordion\" data-id=\"785e950\" data-element_type=\"widget\" data-e-type=\"widget\" data-settings=\"{&quot;default_state&quot;:&quot;all_collapsed&quot;,&quot;max_items_expended&quot;:&quot;one&quot;,&quot;n_accordion_animation_duration&quot;:{&quot;unit&quot;:&quot;ms&quot;,&quot;size&quot;:400,&quot;sizes&quot;:[]}}\" data-widget_type=\"nested-accordion.default\">\n\t\t\t\t\t\t\t<div class=\"e-n-accordion\" aria-label=\"Accordion. Open links with Enter or Space, close with Escape, and navigate with Arrow Keys\">\n\t\t\t\t\t\t<details id=\"e-n-accordion-item-1260\" class=\"e-n-accordion-item\" >\n\t\t\t\t<summary class=\"e-n-accordion-item-title\" data-accordion-index=\"1\" tabindex=\"0\" aria-expanded=\"false\" aria-controls=\"e-n-accordion-item-1260\" >\n\t\t\t\t\t<span class='e-n-accordion-item-title-header'><div class=\"e-n-accordion-item-title-text\"> Kampaaja <\/div><\/span>\n\t\t\t\t\t\t\t<span class='e-n-accordion-item-title-icon'>\n\t\t\t<span class='e-opened' ><svg aria-hidden=\"true\" class=\"e-font-icon-svg e-fas-minus\" viewbox=\"0 0 448 512\" xmlns=\"http:\/\/www.w3.org\/2000\/svg\"><path d=\"M416 208H32c-17.67 0-32 14.33-32 32v32c0 17.67 14.33 32 32 32h384c17.67 0 32-14.33 32-32v-32c0-17.67-14.33-32-32-32z\"><\/path><\/svg><\/span>\n\t\t\t<span class='e-closed'><svg aria-hidden=\"true\" class=\"e-font-icon-svg e-fas-plus\" viewbox=\"0 0 448 512\" xmlns=\"http:\/\/www.w3.org\/2000\/svg\"><path d=\"M416 208H272V64c0-17.67-14.33-32-32-32h-32c-17.67 0-32 14.33-32 32v144H32c-17.67 0-32 14.33-32 32v32c0 17.67 14.33 32 32 32h144v144c0 17.67 14.33 32 32 32h32c17.67 0 32-14.33 32-32V304h144c17.67 0 32-14.33 32-32v-32c0-17.67-14.33-32-32-32z\"><\/path><\/svg><\/span>\n\t\t<\/span>\n\n\t\t\t\t\t\t<\/summary>\n\t\t\t\t<div role=\"region\" aria-labelledby=\"e-n-accordion-item-1260\" class=\"elementor-element elementor-element-6853e69 e-con-full e-flex e-con e-child\" data-id=\"6853e69\" data-element_type=\"container\" data-e-type=\"container\">\n\t\t<div role=\"region\" aria-labelledby=\"e-n-accordion-item-1260\" class=\"elementor-element elementor-element-e4b5e6d e-flex e-con-boxed e-con e-child\" data-id=\"e4b5e6d\" data-element_type=\"container\" data-e-type=\"container\">\n\t\t\t\t\t<div class=\"e-con-inner\">\n\t\t\t\t<div class=\"elementor-element elementor-element-715afc8 elementor-widget elementor-widget-text-editor\" data-id=\"715afc8\" data-element_type=\"widget\" data-e-type=\"widget\" data-widget_type=\"text-editor.default\">\n\t\t\t\t\t\t\t\t\t<ul><li><p>Meeste l\u00f5ikus ( k\u00e4\u00e4rid + masin ) 25 EUR<\/p><\/li><li><p>Juuksel\u00f5ikus masinaga 20 EUR<\/p><\/li><li><p>Naiste l\u00f5ikus ( pesu + l\u00f5ikus + f\u00f6\u00f6nisoeng ) 30 EUR<\/p><\/li><li><p>Pikkade juuste tasandamine ilma pesuta 20EUR<\/p><\/li><li><p>Tuka l\u00f5ikus 5 EUR<\/p><\/li><li><p>Laste l\u00f5ikus (kuni 14-aastane) 20 EUR<\/p><\/li><li><p>Juuste v\u00e4rvimine (koos l\u00f5ikusega) J\u00e4relkasv 45 EUR<\/p><\/li><li><p>L\u00fchikesed juuksed 50 EUR<\/p><\/li><li><p>Keskmise pikkusega juuksed 55 EUR<\/p><\/li><li><p>Pikad juuksed 65 EUR<\/p><\/li><li><p>\u00dclipikad juuksed al. 70 EUR&#8217;<\/p><\/li><li><p>Juuste salgutamine (koos l\u00f5ikusega):<\/p><\/li><li><p>L\u00fchikesed juuksed v\u00f5i j\u00e4relkasv 50 EUR<\/p><\/li><li><p>Keskmised juuksed 60 EUR<\/p><\/li><li><p>Pikad juuksed 70 EUR<\/p><\/li><li><p>\u00dclipikad juuksed al.75 EUR<\/p><\/li><li><p>Keemiline lokk ja vol\u00fc\u00fcmi lokk (koos l\u00f5ikusega):<\/p><\/li><li><p>L\u00fchikesed juuksed 50 EUR<\/p><\/li><li><p>Keskmised juuksed 60 EUR<\/p><\/li><li><p>Pikad juuksed al. 70 EUR<\/p><\/li><li><p>F\u00f6\u00f6nisoeng ja sirgendamine<\/p><\/li><li><p>L\u00fchikesed ,keskmised, pikad juuksed 20 EUR<\/p><\/li><li><p>Kerge lokisoeng (koos pesuga) 40 EUR<\/p><\/li><li><p>Pidulik \u00fclespandud soeng 45 EUR<\/p><\/li><li><p>Pruudisoeng + proovisoeng al. 75 EUR<\/p><p>Teenuse hind v\u00f5ib varieeruda s\u00f5ltuvalt materjali kulust, t\u00f6\u00f6 keerukusest ja kasutatavastest toodetest.<\/p><p>MEIE SALONGIS SAAB TASUDA AINULT SULARAHAS<\/p><\/li><\/ul>\t\t\t\t\t\t\t\t<\/div>\n\t\t\t\t\t<\/div>\n\t\t\t\t<\/div>\n\t\t\t\t<\/div>\n\t\t\t\t\t<\/details>\n\t\t\t\t\t\t<details id=\"e-n-accordion-item-1261\" class=\"e-n-accordion-item\" >\n\t\t\t\t<summary class=\"e-n-accordion-item-title\" data-accordion-index=\"2\" tabindex=\"-1\" aria-expanded=\"false\" aria-controls=\"e-n-accordion-item-1261\" >\n\t\t\t\t\t<span class='e-n-accordion-item-title-header'><div class=\"e-n-accordion-item-title-text\"> Kynsiteknikko <\/div><\/span>\n\t\t\t\t\t\t\t<span class='e-n-accordion-item-title-icon'>\n\t\t\t<span class='e-opened' ><svg aria-hidden=\"true\" class=\"e-font-icon-svg e-fas-minus\" viewbox=\"0 0 448 512\" xmlns=\"http:\/\/www.w3.org\/2000\/svg\"><path d=\"M416 208H32c-17.67 0-32 14.33-32 32v32c0 17.67 14.33 32 32 32h384c17.67 0 32-14.33 32-32v-32c0-17.67-14.33-32-32-32z\"><\/path><\/svg><\/span>\n\t\t\t<span class='e-closed'><svg aria-hidden=\"true\" class=\"e-font-icon-svg e-fas-plus\" viewbox=\"0 0 448 512\" xmlns=\"http:\/\/www.w3.org\/2000\/svg\"><path d=\"M416 208H272V64c0-17.67-14.33-32-32-32h-32c-17.67 0-32 14.33-32 32v144H32c-17.67 0-32 14.33-32 32v32c0 17.67 14.33 32 32 32h144v144c0 17.67 14.33 32 32 32h32c17.67 0 32-14.33 32-32V304h144c17.67 0 32-14.33 32-32v-32c0-17.67-14.33-32-32-32z\"><\/path><\/svg><\/span>\n\t\t<\/span>\n\n\t\t\t\t\t\t<\/summary>\n\t\t\t\t<div role=\"region\" aria-labelledby=\"e-n-accordion-item-1261\" class=\"elementor-element elementor-element-7d01dfa e-con-full e-flex e-con e-child\" data-id=\"7d01dfa\" data-element_type=\"container\" data-e-type=\"container\">\n\t\t\t\t<div class=\"elementor-element elementor-element-58122bb elementor-widget elementor-widget-text-editor\" data-id=\"58122bb\" data-element_type=\"widget\" data-e-type=\"widget\" data-widget_type=\"text-editor.default\">\n\t\t\t\t\t\t\t\t\t<ul><li><p>Geelk\u00fc\u00fcnte paigaldus 70-80 EUR<\/p><\/li><li><p>Geelk\u00fc\u00fcnte hooldus Alates 50 EUR<\/p><\/li><li><p>Geelk\u00fc\u00fcnte eemaldus 25 EUR<\/p><p>MEIE SALONGIS SAAB TASUDA AINULT SULARAHAS<\/p><\/li><\/ul>\t\t\t\t\t\t\t\t<\/div>\n\t\t\t\t<\/div>\n\t\t\t\t\t<\/details>\n\t\t\t\t\t\t<details id=\"e-n-accordion-item-1262\" class=\"e-n-accordion-item\" >\n\t\t\t\t<summary class=\"e-n-accordion-item-title\" data-accordion-index=\"3\" tabindex=\"-1\" aria-expanded=\"false\" aria-controls=\"e-n-accordion-item-1262\" >\n\t\t\t\t\t<span class='e-n-accordion-item-title-header'><div class=\"e-n-accordion-item-title-text\"> Kosmetologi <\/div><\/span>\n\t\t\t\t\t\t\t<span class='e-n-accordion-item-title-icon'>\n\t\t\t<span class='e-opened' ><svg aria-hidden=\"true\" class=\"e-font-icon-svg e-fas-minus\" viewbox=\"0 0 448 512\" xmlns=\"http:\/\/www.w3.org\/2000\/svg\"><path d=\"M416 208H32c-17.67 0-32 14.33-32 32v32c0 17.67 14.33 32 32 32h384c17.67 0 32-14.33 32-32v-32c0-17.67-14.33-32-32-32z\"><\/path><\/svg><\/span>\n\t\t\t<span class='e-closed'><svg aria-hidden=\"true\" class=\"e-font-icon-svg e-fas-plus\" viewbox=\"0 0 448 512\" xmlns=\"http:\/\/www.w3.org\/2000\/svg\"><path d=\"M416 208H272V64c0-17.67-14.33-32-32-32h-32c-17.67 0-32 14.33-32 32v144H32c-17.67 0-32 14.33-32 32v32c0 17.67 14.33 32 32 32h144v144c0 17.67 14.33 32 32 32h32c17.67 0 32-14.33 32-32V304h144c17.67 0 32-14.33 32-32v-32c0-17.67-14.33-32-32-32z\"><\/path><\/svg><\/span>\n\t\t<\/span>\n\n\t\t\t\t\t\t<\/summary>\n\t\t\t\t<div role=\"region\" aria-labelledby=\"e-n-accordion-item-1262\" class=\"elementor-element elementor-element-c4bfc44 e-con-full e-flex e-con e-child\" data-id=\"c4bfc44\" data-element_type=\"container\" data-e-type=\"container\">\n\t\t\t\t<div class=\"elementor-element elementor-element-74468fa elementor-widget elementor-widget-text-editor\" data-id=\"74468fa\" data-element_type=\"widget\" data-e-type=\"widget\" data-widget_type=\"text-editor.default\">\n\t\t\t\t\t\t\t\t\t<ul><li><p>Mehaaniline puhastus n\u00e4ole koos massaa\u017eiga n\u00e4ole, kaelale, dekolteele 38 EUR<\/p><\/li><li><p>Mehaaniline puhastus dekolteele koos massaa\u017eiga dekolteele 38 EUR<\/p><\/li><li><p>Mehaaniline puhastus n\u00e4ole koos massaa\u017eiga n\u00e4ole 35 EUR<\/p><\/li><li><p>Mehaaniline n\u00e4o puhastus 30 EUR<\/p><\/li><li><p>Vitamiinihooldus koos kaasa antava seerumiga 45 EUR<\/p><\/li><li><p>Mehaaniline puhastus dekolteelele 30 EUR<\/p><\/li><li><p>Mehaaniline puhastus seljale 35 EUR<\/p><\/li><li><p>N\u00e4o, kaela ja dekoltee massaa\u017e maskiga 25 EUR<\/p><\/li><li><p>Selja puhastus massaa\u017eiga 45 EUR<\/p><\/li><li><p>N\u00e4o depilatsioon 5-10 EUR<\/p><\/li><li><p>Ripsmete keemiline v\u00e4rvimine 10 EUR<\/p><\/li><li><p>Kulmude keemiline v\u00e4rvimine 10 EUR<\/p><\/li><li>Ripsmete ja kulmude v\u00e4rvimine koos kulmude kujundamisega 25 EUR<\/li><li><p>Kulmude kujundamine 10 EUR<\/p><p>MEIE SALONGIS SAAB TASUDA AINULT SULARAHAS<\/p><\/li><\/ul>\t\t\t\t\t\t\t\t<\/div>\n\t\t\t\t<\/div>\n\t\t\t\t\t<\/details>\n\t\t\t\t\t\t<details id=\"e-n-accordion-item-1263\" class=\"e-n-accordion-item\" >\n\t\t\t\t<summary class=\"e-n-accordion-item-title\" data-accordion-index=\"4\" tabindex=\"-1\" aria-expanded=\"false\" aria-controls=\"e-n-accordion-item-1263\" >\n\t\t\t\t\t<span class='e-n-accordion-item-title-header'><div class=\"e-n-accordion-item-title-text\"> K\u00e4sihoito\/Jalkahoito <\/div><\/span>\n\t\t\t\t\t\t\t<span class='e-n-accordion-item-title-icon'>\n\t\t\t<span class='e-opened' ><svg aria-hidden=\"true\" class=\"e-font-icon-svg e-fas-minus\" viewbox=\"0 0 448 512\" xmlns=\"http:\/\/www.w3.org\/2000\/svg\"><path d=\"M416 208H32c-17.67 0-32 14.33-32 32v32c0 17.67 14.33 32 32 32h384c17.67 0 32-14.33 32-32v-32c0-17.67-14.33-32-32-32z\"><\/path><\/svg><\/span>\n\t\t\t<span class='e-closed'><svg aria-hidden=\"true\" class=\"e-font-icon-svg e-fas-plus\" viewbox=\"0 0 448 512\" xmlns=\"http:\/\/www.w3.org\/2000\/svg\"><path d=\"M416 208H272V64c0-17.67-14.33-32-32-32h-32c-17.67 0-32 14.33-32 32v144H32c-17.67 0-32 14.33-32 32v32c0 17.67 14.33 32 32 32h144v144c0 17.67 14.33 32 32 32h32c17.67 0 32-14.33 32-32V304h144c17.67 0 32-14.33 32-32v-32c0-17.67-14.33-32-32-32z\"><\/path><\/svg><\/span>\n\t\t<\/span>\n\n\t\t\t\t\t\t<\/summary>\n\t\t\t\t<div role=\"region\" aria-labelledby=\"e-n-accordion-item-1263\" class=\"elementor-element elementor-element-cee6553 e-flex e-con-boxed e-con e-child\" data-id=\"cee6553\" data-element_type=\"container\" data-e-type=\"container\">\n\t\t\t\t\t<div class=\"e-con-inner\">\n\t\t\t\t<div class=\"elementor-element elementor-element-68ec601 elementor-widget elementor-widget-text-editor\" data-id=\"68ec601\" data-element_type=\"widget\" data-e-type=\"widget\" data-widget_type=\"text-editor.default\">\n\t\t\t\t\t\t\t\t\t<ul><li><p>Manik\u00fc\u00fcr 25 EU<\/p><\/li><li><p>Prantsuse manik\u00fc\u00fcr 25 EUR<\/p><\/li><li><p>Manik\u00fc\u00fcr + parafiiniga k\u00e4te hooldus 35 EUR<\/p><\/li><li><p>K\u00fc\u00fcnte lakkimine 10 EUR<\/p><\/li><li><p>Gelish pedik\u00fc\u00fcr 45 EUR<\/p><\/li><li><p>Gelish manik\u00fc\u00fcr 35 EUR<\/p><\/li><li><p>Pedik\u00fc\u00fcr 35 EUR<\/p><\/li><li><p>Pedik\u00fc\u00fcr + parafiiniga jalgade hooldus 45 EUR<\/p><\/li><li><p>Spa manik\u00fc\u00fcr 35 EUR<\/p><\/li><li><p>Spa pedik\u00fc\u00fcr 45 EUR<\/p><p>MEIE SALONGIS SAAB TASUDA AINULT SULARAHAS<\/p><\/li><\/ul>\t\t\t\t\t\t\t\t<\/div>\n\t\t\t\t\t<\/div>\n\t\t\t\t<\/div>\n\t\t\t\t\t<\/details>\n\t\t\t\t\t\t<details id=\"e-n-accordion-item-1264\" class=\"e-n-accordion-item\" >\n\t\t\t\t<summary class=\"e-n-accordion-item-title\" data-accordion-index=\"5\" tabindex=\"-1\" aria-expanded=\"false\" aria-controls=\"e-n-accordion-item-1264\" >\n\t\t\t\t\t<span class='e-n-accordion-item-title-header'><div class=\"e-n-accordion-item-title-text\"> Karvanpoisto <\/div><\/span>\n\t\t\t\t\t\t\t<span class='e-n-accordion-item-title-icon'>\n\t\t\t<span class='e-opened' ><svg aria-hidden=\"true\" class=\"e-font-icon-svg e-fas-minus\" viewbox=\"0 0 448 512\" xmlns=\"http:\/\/www.w3.org\/2000\/svg\"><path d=\"M416 208H32c-17.67 0-32 14.33-32 32v32c0 17.67 14.33 32 32 32h384c17.67 0 32-14.33 32-32v-32c0-17.67-14.33-32-32-32z\"><\/path><\/svg><\/span>\n\t\t\t<span class='e-closed'><svg aria-hidden=\"true\" class=\"e-font-icon-svg e-fas-plus\" viewbox=\"0 0 448 512\" xmlns=\"http:\/\/www.w3.org\/2000\/svg\"><path d=\"M416 208H272V64c0-17.67-14.33-32-32-32h-32c-17.67 0-32 14.33-32 32v144H32c-17.67 0-32 14.33-32 32v32c0 17.67 14.33 32 32 32h144v144c0 17.67 14.33 32 32 32h32c17.67 0 32-14.33 32-32V304h144c17.67 0 32-14.33 32-32v-32c0-17.67-14.33-32-32-32z\"><\/path><\/svg><\/span>\n\t\t<\/span>\n\n\t\t\t\t\t\t<\/summary>\n\t\t\t\t<div role=\"region\" aria-labelledby=\"e-n-accordion-item-1264\" class=\"elementor-element elementor-element-97099ef e-flex e-con-boxed e-con e-child\" data-id=\"97099ef\" data-element_type=\"container\" data-e-type=\"container\">\n\t\t\t\t\t<div class=\"e-con-inner\">\n\t\t\t\t<div class=\"elementor-element elementor-element-0599eb2 elementor-widget elementor-widget-text-editor\" data-id=\"0599eb2\" data-element_type=\"widget\" data-e-type=\"widget\" data-widget_type=\"text-editor.default\">\n\t\t\t\t\t\t\t\t\t<ul><li>S\u00e4\u00e4rte depilatsioon 20 EUR<\/li><li>Reite depilatsioon 20 EUR<\/li><li>Kogu jala depilatsioon 35 EUR<\/li><li>Kaenlaaluste depilatsioon 15 EUR<\/li><li>Kogu k\u00e4e depilatsioon 25 EUR<\/li><li>K\u00e4te depilatsioon kuni k\u00fc\u00fcnarnukini 15 EUR<\/li><li>N\u00e4opiirkonna depilatsioon 5 &#8211; 10 EUR<\/li><li>Selja depilatsioon 25 EUR<\/li><li>Bikiini\u00e4\u00e4re depilatsioon 15 EUR<\/li><\/ul><ul><li>S\u00fcgav bikiini depilatsioon 20EUR<\/li><li>Brasiilia depilatsioon naistele 35 EUR<\/li><\/ul><p>MEIE SALONGIS SAAB TASUDA AINULT SULARAHAS<\/p>\t\t\t\t\t\t\t\t<\/div>\n\t\t\t\t\t<\/div>\n\t\t\t\t<\/div>\n\t\t\t\t\t<\/details>\n\t\t\t\t\t\t<details id=\"e-n-accordion-item-1265\" class=\"e-n-accordion-item\" >\n\t\t\t\t<summary class=\"e-n-accordion-item-title\" data-accordion-index=\"6\" tabindex=\"-1\" aria-expanded=\"false\" aria-controls=\"e-n-accordion-item-1265\" >\n\t\t\t\t\t<span class='e-n-accordion-item-title-header'><div class=\"e-n-accordion-item-title-text\"> Hiustenpidennykset <\/div><\/span>\n\t\t\t\t\t\t\t<span class='e-n-accordion-item-title-icon'>\n\t\t\t<span class='e-opened' ><svg aria-hidden=\"true\" class=\"e-font-icon-svg e-fas-minus\" viewbox=\"0 0 448 512\" xmlns=\"http:\/\/www.w3.org\/2000\/svg\"><path d=\"M416 208H32c-17.67 0-32 14.33-32 32v32c0 17.67 14.33 32 32 32h384c17.67 0 32-14.33 32-32v-32c0-17.67-14.33-32-32-32z\"><\/path><\/svg><\/span>\n\t\t\t<span class='e-closed'><svg aria-hidden=\"true\" class=\"e-font-icon-svg e-fas-plus\" viewbox=\"0 0 448 512\" xmlns=\"http:\/\/www.w3.org\/2000\/svg\"><path d=\"M416 208H272V64c0-17.67-14.33-32-32-32h-32c-17.67 0-32 14.33-32 32v144H32c-17.67 0-32 14.33-32 32v32c0 17.67 14.33 32 32 32h144v144c0 17.67 14.33 32 32 32h32c17.67 0 32-14.33 32-32V304h144c17.67 0 32-14.33 32-32v-32c0-17.67-14.33-32-32-32z\"><\/path><\/svg><\/span>\n\t\t<\/span>\n\n\t\t\t\t\t\t<\/summary>\n\t\t\t\t<div role=\"region\" aria-labelledby=\"e-n-accordion-item-1265\" class=\"elementor-element elementor-element-722f752 e-flex e-con-boxed e-con e-child\" data-id=\"722f752\" data-element_type=\"container\" data-e-type=\"container\">\n\t\t\t\t\t<div class=\"e-con-inner\">\n\t\t\t\t<div class=\"elementor-element elementor-element-786189a elementor-widget elementor-widget-text-editor\" data-id=\"786189a\" data-element_type=\"widget\" data-e-type=\"widget\" data-widget_type=\"text-editor.default\">\n\t\t\t\t\t\t\t\t\t<ul><li>Juuksepikendused (Femell) 30 cm salk 3 EUR<\/li><li class=\"wp-block-accordion-panel\" role=\"region\">50 cm salk 3,5 EUR<\/li><li class=\"wp-block-accordion-panel\" role=\"region\">Slaavi juuksepikendused ( Standard) 40 cm salk 3,40 EUR<\/li><li class=\"wp-block-accordion-panel\" role=\"region\">50 cm salk 3,60 EUR<\/li><li class=\"wp-block-accordion-panel\" role=\"region\">60 cm salk 3,80 EUR<\/li><li class=\"wp-block-accordion-panel\" role=\"region\">Juuksepikenduste t\u00f5stmine 1,30 EUR\/salk<\/li><li class=\"wp-block-accordion-panel\" role=\"region\">Juuksepikenduste hooldus (kammimine, eemaldamine) 40 EUR\/tund<\/li><li class=\"wp-block-accordion-panel\" role=\"region\">Poolitatud salgu paigaldamine 0,7 EUR<\/li><\/ul><p>MEIE SALONGIS SAAB TASUDA AINULT SULARAHAS<\/p>\t\t\t\t\t\t\t\t<\/div>\n\t\t\t\t\t<\/div>\n\t\t\t\t<\/div>\n\t\t\t\t\t<\/details>\n\t\t\t\t\t\t<details id=\"e-n-accordion-item-1266\" class=\"e-n-accordion-item\" >\n\t\t\t\t<summary class=\"e-n-accordion-item-title\" data-accordion-index=\"7\" tabindex=\"-1\" aria-expanded=\"false\" aria-controls=\"e-n-accordion-item-1266\" >\n\t\t\t\t\t<span class='e-n-accordion-item-title-header'><div class=\"e-n-accordion-item-title-text\"> Meikkaus <\/div><\/span>\n\t\t\t\t\t\t\t<span class='e-n-accordion-item-title-icon'>\n\t\t\t<span class='e-opened' ><svg aria-hidden=\"true\" class=\"e-font-icon-svg e-fas-minus\" viewbox=\"0 0 448 512\" xmlns=\"http:\/\/www.w3.org\/2000\/svg\"><path d=\"M416 208H32c-17.67 0-32 14.33-32 32v32c0 17.67 14.33 32 32 32h384c17.67 0 32-14.33 32-32v-32c0-17.67-14.33-32-32-32z\"><\/path><\/svg><\/span>\n\t\t\t<span class='e-closed'><svg aria-hidden=\"true\" class=\"e-font-icon-svg e-fas-plus\" viewbox=\"0 0 448 512\" xmlns=\"http:\/\/www.w3.org\/2000\/svg\"><path d=\"M416 208H272V64c0-17.67-14.33-32-32-32h-32c-17.67 0-32 14.33-32 32v144H32c-17.67 0-32 14.33-32 32v32c0 17.67 14.33 32 32 32h144v144c0 17.67 14.33 32 32 32h32c17.67 0 32-14.33 32-32V304h144c17.67 0 32-14.33 32-32v-32c0-17.67-14.33-32-32-32z\"><\/path><\/svg><\/span>\n\t\t<\/span>\n\n\t\t\t\t\t\t<\/summary>\n\t\t\t\t<div role=\"region\" aria-labelledby=\"e-n-accordion-item-1266\" class=\"elementor-element elementor-element-5c9b8a3 e-flex e-con-boxed e-con e-child\" data-id=\"5c9b8a3\" data-element_type=\"container\" data-e-type=\"container\">\n\t\t\t\t\t<div class=\"e-con-inner\">\n\t\t\t\t<div class=\"elementor-element elementor-element-c1a25f3 elementor-widget elementor-widget-text-editor\" data-id=\"c1a25f3\" data-element_type=\"widget\" data-e-type=\"widget\" data-widget_type=\"text-editor.default\">\n\t\t\t\t\t\t\t\t\t<ul><li>P\u00e4evameik 40 EUR (30 min)<\/li><li>\u00d5htu\/fotomeik 55 EUR + ripsmed 5 EUR (45-60 min)<\/li><li>Pruudimeik 60 EUR (60 min)<\/li><li>Pruudimeik koos proovimeigiga 110 EUR<\/li><\/ul><p>MEIE SALONGIS SAAB TASUDA AINULT SULARAHAS<\/p>\t\t\t\t\t\t\t\t<\/div>\n\t\t\t\t\t<\/div>\n\t\t\t\t<\/div>\n\t\t\t\t\t<\/details>\n\t\t\t\t\t<\/div>\n\t\t\t\t\t\t<\/div>\n\t\t\t\t\t<\/div>\n\t\t\t\t<\/div>\n\t\t<div class=\"elementor-element elementor-element-161ddec e-flex e-con-boxed e-con e-parent\" data-id=\"161ddec\" data-element_type=\"container\" data-e-type=\"container\">\n\t\t\t\t\t<div class=\"e-con-inner\">\n\t\t\t\t\t<\/div>\n\t\t\t\t<\/div>\n\t\t<div class=\"elementor-element elementor-element-50323a1 e-flex e-con-boxed e-con e-parent\" data-id=\"50323a1\" data-element_type=\"container\" data-e-type=\"container\">\n\t\t\t\t\t<div class=\"e-con-inner\">\n\t\t\t\t\t<\/div>\n\t\t\t\t<\/div>\n\t\t<div class=\"elementor-element elementor-element-9d7447c e-grid e-con-boxed e-con e-parent\" data-id=\"9d7447c\" data-element_type=\"container\" data-e-type=\"container\">\n\t\t\t\t\t<div class=\"e-con-inner\">\n\t\t\t\t\t<\/div>\n\t\t\t\t<\/div>\n\t\t<div class=\"elementor-element elementor-element-473a986 e-flex e-con-boxed e-con e-parent\" data-id=\"473a986\" data-element_type=\"container\" data-e-type=\"container\">\n\t\t\t\t\t<div class=\"e-con-inner\">\n\t\t\t\t\t<\/div>\n\t\t\t\t<\/div>\n\t\t\t\t<\/div>","protected":false},"excerpt":{"rendered":"<p>Juuksur Meeste l\u00f5ikus ( k\u00e4\u00e4rid + masin ) 25 EUR Juuksel\u00f5ikus masinaga 20 EUR Naiste l\u00f5ikus ( pesu + l\u00f5ikus + f\u00f6\u00f6nisoeng ) 30 EUR Pikkade juuste tasandamine ilma pesuta 20EUR Tuka l\u00f5ikus 5 EUR Laste l\u00f5ikus (kuni 14-aastane) 20 EUR Juuste v\u00e4rvimine (koos l\u00f5ikusega) J\u00e4relkasv 45 EUR L\u00fchikesed juuksed 50 EUR Keskmise pikkusega juuksed [&hellip;]<\/p>\n","protected":false},"author":1,"featured_media":0,"parent":0,"menu_order":0,"comment_status":"closed","ping_status":"closed","template":"","meta":{"om_disable_all_campaigns":false,"_monsterinsights_skip_tracking":false,"_monsterinsights_sitenote_active":false,"_monsterinsights_sitenote_note":"","_monsterinsights_sitenote_category":0,"footnotes":""},"class_list":["post-19","page","type-page","status-publish","hentry"],"aioseo_notices":[],"_links":{"self":[{"href":"https:\/\/felicia.ee\/fi\/wp-json\/wp\/v2\/pages\/19","targetHints":{"allow":["GET"]}}],"collection":[{"href":"https:\/\/felicia.ee\/fi\/wp-json\/wp\/v2\/pages"}],"about":[{"href":"https:\/\/felicia.ee\/fi\/wp-json\/wp\/v2\/types\/page"}],"author":[{"embeddable":true,"href":"https:\/\/felicia.ee\/fi\/wp-json\/wp\/v2\/users\/1"}],"replies":[{"embeddable":true,"href":"https:\/\/felicia.ee\/fi\/wp-json\/wp\/v2\/comments?post=19"}],"version-history":[{"count":112,"href":"https:\/\/felicia.ee\/fi\/wp-json\/wp\/v2\/pages\/19\/revisions"}],"predecessor-version":[{"id":648,"href":"https:\/\/felicia.ee\/fi\/wp-json\/wp\/v2\/pages\/19\/revisions\/648"}],"wp:attachment":[{"href":"https:\/\/felicia.ee\/fi\/wp-json\/wp\/v2\/media?parent=19"}],"curies":[{"name":"wp","href":"https:\/\/api.w.org\/{rel}","templated":true}]}}