{"id":18,"date":"2025-12-27T12:44:21","date_gmt":"2025-12-27T12:44:21","guid":{"rendered":"https:\/\/felicia.ee\/kontakt\/"},"modified":"2026-01-12T07:34:19","modified_gmt":"2026-01-12T07:34:19","slug":"kontakt","status":"publish","type":"page","link":"https:\/\/felicia.ee\/fi\/kontakt\/","title":{"rendered":"Yhteystiedot"},"content":{"rendered":"<div data-elementor-type=\"wp-page\" data-elementor-id=\"18\" class=\"elementor elementor-18\">\n\t\t\t\t<div class=\"elementor-element elementor-element-378f4c6 e-grid e-con-full e-con e-parent\" data-id=\"378f4c6\" data-element_type=\"container\" data-e-type=\"container\">\n\t\t\t\t<div class=\"elementor-element elementor-element-6407b3b elementor-widget elementor-widget-image\" data-id=\"6407b3b\" data-element_type=\"widget\" data-e-type=\"widget\" data-widget_type=\"image.default\">\n\t\t\t\t\t\t\t\t\t\t\t\t\t\t\t<img decoding=\"async\" src=\"https:\/\/felicia.ee\/wp-content\/uploads\/2026\/01\/7B0EF816-F13E-439B-90D8-96B9CAA06103.jpg\" title=\"\" alt=\"\" loading=\"lazy\" \/>\t\t\t\t\t\t\t\t\t\t\t\t\t\t\t<\/div>\n\t\t\t\t<div class=\"elementor-element elementor-element-a9b2d06 elementor-widget elementor-widget-text-editor\" data-id=\"a9b2d06\" data-element_type=\"widget\" data-e-type=\"widget\" data-widget_type=\"text-editor.default\">\n\t\t\t\t\t\t\t\t\t<p>Ilusalong Felicia asub kesklinnas, 10-minutilise jalutusk\u00e4igu kaugusel Viru Keskusest. Sama pikk tee on sadama D-terminalist ja Stockmanni kaubamaja juurest. Parkida on v\u00f5imalik Raua t\u00e4nava \u00e4\u00e4res ja meie maja ees asuvas parklas. Mobiilsel parkimisel on piirkonnaks \u201ckesklinn\u201d.<\/p><p>Loodame, et leiad meid \u00fcles Ja kui oledki eksinud, helista julgesti salongi telefonile 6 485 433, et saaksime t\u00e4psemalt teed juhatada!<\/p><p>\u00a0<\/p><p>Asume: Tallinn, Pronksi 7\/9<\/p><p>T\u00c4HELEPANU! Salongi sissep\u00e4\u00e4s on Raua t\u00e4nava poolt!<\/p><p>MEIE SALONGIS SAAB TASUDA AINULT SULARAHAS<\/p>\t\t\t\t\t\t\t\t<\/div>\n\t\t\t\t<\/div>\n\t\t\t\t<\/div>","protected":false},"excerpt":{"rendered":"<p>Ilusalong Felicia asub kesklinnas, 10-minutilise jalutusk\u00e4igu kaugusel Viru Keskusest. Sama pikk tee on sadama D-terminalist ja Stockmanni kaubamaja juurest. Parkida on v\u00f5imalik Raua t\u00e4nava \u00e4\u00e4res ja meie maja ees asuvas parklas. Mobiilsel parkimisel on piirkonnaks \u201ckesklinn\u201d. Loodame, et leiad meid \u00fcles Ja kui oledki eksinud, helista julgesti salongi telefonile 6 485 433, et saaksime t\u00e4psemalt [&hellip;]<\/p>\n","protected":false},"author":1,"featured_media":0,"parent":0,"menu_order":0,"comment_status":"closed","ping_status":"closed","template":"","meta":{"om_disable_all_campaigns":false,"_monsterinsights_skip_tracking":false,"_monsterinsights_sitenote_active":false,"_monsterinsights_sitenote_note":"","_monsterinsights_sitenote_category":0,"footnotes":""},"class_list":["post-18","page","type-page","status-publish","hentry"],"aioseo_notices":[],"_links":{"self":[{"href":"https:\/\/felicia.ee\/fi\/wp-json\/wp\/v2\/pages\/18","targetHints":{"allow":["GET"]}}],"collection":[{"href":"https:\/\/felicia.ee\/fi\/wp-json\/wp\/v2\/pages"}],"about":[{"href":"https:\/\/felicia.ee\/fi\/wp-json\/wp\/v2\/types\/page"}],"author":[{"embeddable":true,"href":"https:\/\/felicia.ee\/fi\/wp-json\/wp\/v2\/users\/1"}],"replies":[{"embeddable":true,"href":"https:\/\/felicia.ee\/fi\/wp-json\/wp\/v2\/comments?post=18"}],"version-history":[{"count":32,"href":"https:\/\/felicia.ee\/fi\/wp-json\/wp\/v2\/pages\/18\/revisions"}],"predecessor-version":[{"id":614,"href":"https:\/\/felicia.ee\/fi\/wp-json\/wp\/v2\/pages\/18\/revisions\/614"}],"wp:attachment":[{"href":"https:\/\/felicia.ee\/fi\/wp-json\/wp\/v2\/media?parent=18"}],"curies":[{"name":"wp","href":"https:\/\/api.w.org\/{rel}","templated":true}]}}