{"id":16,"date":"2025-12-27T12:44:21","date_gmt":"2025-12-27T12:44:21","guid":{"rendered":"https:\/\/felicia.ee\/meist\/"},"modified":"2026-01-13T16:32:09","modified_gmt":"2026-01-13T16:32:09","slug":"meist","status":"publish","type":"page","link":"https:\/\/felicia.ee\/fi\/meist\/","title":{"rendered":"Henkil\u00f6kunta"},"content":{"rendered":"<div data-elementor-type=\"wp-page\" data-elementor-id=\"16\" class=\"elementor elementor-16\">\n\t\t\t\t<div class=\"elementor-element elementor-element-14b9857 e-grid e-con-boxed e-con e-parent\" data-id=\"14b9857\" data-element_type=\"container\" data-e-type=\"container\">\n\t\t\t\t\t<div class=\"e-con-inner\">\n\t\t\t\t<div class=\"elementor-element elementor-element-7642c38 elementor-widget elementor-widget-text-editor\" data-id=\"7642c38\" data-element_type=\"widget\" data-e-type=\"widget\" data-widget_type=\"text-editor.default\">\n\t\t\t\t\t\t\t\t\t<p><b><i>Eilike Kangur<\/i><\/b><\/p><p><i>Juhataja<\/i><i>, k\u00fc\u00fcnetehnik<\/i><i><\/i><\/p><p><i>eilike@felicia.ee <\/i><\/p><pre><i>+372 52 892 19<\/i><\/pre><p><i>***<\/i><\/p>\t\t\t\t\t\t\t\t<\/div>\n\t\t\t\t<div class=\"elementor-element elementor-element-36e6cfc elementor-widget elementor-widget-text-editor\" data-id=\"36e6cfc\" data-element_type=\"widget\" data-e-type=\"widget\" data-widget_type=\"text-editor.default\">\n\t\t\t\t\t\t\t\t\t<p><b><i>Rita Eevardi<\/i><\/b><\/p><p><i>Juuksur, juuksepikendused, turundus<\/i><i><\/i><\/p><p><i>rita@felicia.ee<\/i><\/p><pre><i>+372 50 37 389<\/i><\/pre><p><i>***<\/i><\/p>\t\t\t\t\t\t\t\t<\/div>\n\t\t\t\t\t<\/div>\n\t\t\t\t<\/div>\n\t\t<div class=\"elementor-element elementor-element-c88c12b e-grid e-con-boxed e-con e-parent\" data-id=\"c88c12b\" data-element_type=\"container\" data-e-type=\"container\">\n\t\t\t\t\t<div class=\"e-con-inner\">\n\t\t\t\t<div class=\"elementor-element elementor-element-d2ba38b elementor-widget elementor-widget-text-editor\" data-id=\"d2ba38b\" data-element_type=\"widget\" data-e-type=\"widget\" data-widget_type=\"text-editor.default\">\n\t\t\t\t\t\t\t\t\t<p><b><i>Katre Ojam\u00e4e<\/i><\/b><i><\/i><\/p><p>Kampaaja<\/p><pre><i><span class=\"Apple-converted-space\">\u00a0<\/span>+372 55 969 166<\/i><\/pre><p>***<\/p>\t\t\t\t\t\t\t\t<\/div>\n\t\t\t\t<div class=\"elementor-element elementor-element-7a2c7c4 elementor-widget elementor-widget-text-editor\" data-id=\"7a2c7c4\" data-element_type=\"widget\" data-e-type=\"widget\" data-widget_type=\"text-editor.default\">\n\t\t\t\t\t\t\t\t\t<p><b><i>Triin Ruusa<span class=\"Apple-converted-space\">\u00a0 <\/span><\/i><\/b><\/p><p><i>Kampaaja<\/i><i><\/i><\/p><pre><i><span class=\"Apple-converted-space\">\u00a0<\/span>\u00a0+372 52 151 69<\/i><\/pre><p>***<\/p>\t\t\t\t\t\t\t\t<\/div>\n\t\t\t\t<div class=\"elementor-element elementor-element-f6255e1 elementor-widget elementor-widget-text-editor\" data-id=\"f6255e1\" data-element_type=\"widget\" data-e-type=\"widget\" data-widget_type=\"text-editor.default\">\n\t\t\t\t\t\t\t\t\t<p><b><i>Heli Kiho <\/i><\/b><\/p><p><i> <\/i><i>Kampaaja<\/i><i><\/i><\/p><p><i><span class=\"Apple-converted-space\">heli_kiho@hotmail.com <\/span><\/i><\/p><pre><i>+372 566 95 055<\/i><\/pre><p>***<\/p>\t\t\t\t\t\t\t\t<\/div>\n\t\t\t\t<div class=\"elementor-element elementor-element-2a0fd5e elementor-widget elementor-widget-text-editor\" data-id=\"2a0fd5e\" data-element_type=\"widget\" data-e-type=\"widget\" data-widget_type=\"text-editor.default\">\n\t\t\t\t\t\t\t\t\t<p><b><i>Evely Jukk<span class=\"Apple-converted-space\">\u00a0 <\/span><\/i><\/b><\/p><p><i><span class=\"Apple-converted-space\">P<\/span><\/i><i>edik\u00fc\u00fcr<\/i><i>, <\/i><i>manik\u00fc\u00fcr<\/i><i>,<\/i><i> depilatsioon<\/i><i>, <\/i><i>brasiilia depilatsioon<\/i><i><\/i><\/p><p><b><span class=\"Apple-converted-space\">\u00a0<\/span><\/b><i>erajukk@gmail.com<\/i><\/p><pre><i>+372 526 33 98<\/i><\/pre><p><i>***<\/i><\/p>\t\t\t\t\t\t\t\t<\/div>\n\t\t\t\t<div class=\"elementor-element elementor-element-faebed6 elementor-widget elementor-widget-text-editor\" data-id=\"faebed6\" data-element_type=\"widget\" data-e-type=\"widget\" data-widget_type=\"text-editor.default\">\n\t\t\t\t\t\t\t\t\t<p><b><i>Kersti Marmor <\/i><\/b><\/p><p><i>Kosmeetik, <\/i><i>pedik\u00fc\u00fcr<\/i><i>, <\/i><i>manik\u00fc\u00fc<\/i><i>r<\/i><i>, <\/i><i>depilatsioon<\/i><\/p><p><i>kmarmor@hot.ee<\/i><i><\/i><\/p><pre><i>+372 566 966 71<\/i><\/pre><p><i>***<\/i><\/p>\t\t\t\t\t\t\t\t<\/div>\n\t\t\t\t<div class=\"elementor-element elementor-element-55ea958 elementor-widget elementor-widget-text-editor\" data-id=\"55ea958\" data-element_type=\"widget\" data-e-type=\"widget\" data-widget_type=\"text-editor.default\">\n\t\t\t\t\t\t\t\t\t<p><strong><i>Liis Vahter<\/i><\/strong><i><\/i><\/p><p>Jumestaja<\/p><p>liis.bwdance@gmail.com<\/p><pre>+372 556 891 00<\/pre><p>***<\/p>\t\t\t\t\t\t\t\t<\/div>\n\t\t\t\t\t<\/div>\n\t\t\t\t<\/div>\n\t\t\t\t<\/div>","protected":false},"excerpt":{"rendered":"<p>Eilike Kangur Juhataja, k\u00fc\u00fcnetehnik eilike@felicia.ee +372 52 892 19 *** Rita Eevardi Juuksur, juuksepikendused, turundus rita@felicia.ee +372 50 37 389 *** Katre Ojam\u00e4e Juuksur \u00a0+372 55 969 166 *** Triin Ruusa\u00a0 Juuksur \u00a0\u00a0+372 52 151 69 *** Heli Kiho Juuksur heli_kiho@hotmail.com +372 566 95 055 *** Evely Jukk\u00a0 Pedik\u00fc\u00fcr, manik\u00fc\u00fcr, depilatsioon, brasiilia depilatsioon \u00a0erajukk@gmail.com +372 [&hellip;]<\/p>\n","protected":false},"author":1,"featured_media":0,"parent":0,"menu_order":0,"comment_status":"closed","ping_status":"closed","template":"","meta":{"om_disable_all_campaigns":false,"_monsterinsights_skip_tracking":false,"_monsterinsights_sitenote_active":false,"_monsterinsights_sitenote_note":"","_monsterinsights_sitenote_category":0,"footnotes":""},"class_list":["post-16","page","type-page","status-publish","hentry"],"aioseo_notices":[],"_links":{"self":[{"href":"https:\/\/felicia.ee\/fi\/wp-json\/wp\/v2\/pages\/16","targetHints":{"allow":["GET"]}}],"collection":[{"href":"https:\/\/felicia.ee\/fi\/wp-json\/wp\/v2\/pages"}],"about":[{"href":"https:\/\/felicia.ee\/fi\/wp-json\/wp\/v2\/types\/page"}],"author":[{"embeddable":true,"href":"https:\/\/felicia.ee\/fi\/wp-json\/wp\/v2\/users\/1"}],"replies":[{"embeddable":true,"href":"https:\/\/felicia.ee\/fi\/wp-json\/wp\/v2\/comments?post=16"}],"version-history":[{"count":54,"href":"https:\/\/felicia.ee\/fi\/wp-json\/wp\/v2\/pages\/16\/revisions"}],"predecessor-version":[{"id":651,"href":"https:\/\/felicia.ee\/fi\/wp-json\/wp\/v2\/pages\/16\/revisions\/651"}],"wp:attachment":[{"href":"https:\/\/felicia.ee\/fi\/wp-json\/wp\/v2\/media?parent=16"}],"curies":[{"name":"wp","href":"https:\/\/api.w.org\/{rel}","templated":true}]}}